{"id":398,"date":"2023-03-26T07:52:14","date_gmt":"2023-03-26T07:52:14","guid":{"rendered":"https:\/\/cozystay.loftocean.com\/mountain-chalet\/?page_id=398"},"modified":"2026-05-07T14:35:02","modified_gmt":"2026-05-07T14:35:02","slug":"blog","status":"publish","type":"page","link":"https:\/\/riaddaralassad.brainstorm-studio.com\/en\/blog\/","title":{"rendered":"The Blog"},"content":{"rendered":"<div data-elementor-type=\"wp-page\" data-elementor-id=\"398\" class=\"elementor elementor-398\">\n\t\t\t\t\t\t<section class=\"elementor-section elementor-top-section elementor-element elementor-element-2a9d854c elementor-section-height-min-height cs-section-content-fullwidth cs-parallax-on-scroll cs_scroll_y_100 elementor-section-boxed elementor-section-height-default elementor-section-items-middle\" data-id=\"2a9d854c\" data-element_type=\"section\" data-e-type=\"section\" data-settings=\"{&quot;background_background&quot;:&quot;classic&quot;}\" data-cs-parallax-y=\"100\" style=\"background-image: none;\" data-cs-background-image=\"https:\/\/riaddaralassad.brainstorm-studio.com\/wp-content\/uploads\/2025\/07\/RIAD-DAR-AL-ASSAD-135.jpg\" data-cs-background-image-alt-text=\"\">\n\t\t\t\t\t\t\t<div class=\"elementor-background-overlay\"><\/div>\n\t\t\t\t\t\t\t<div class=\"elementor-container elementor-column-gap-no\">\n\t\t\t\t\t<div class=\"elementor-column elementor-col-100 elementor-top-column elementor-element elementor-element-4b4e1896 dark-color\" data-id=\"4b4e1896\" data-element_type=\"column\" data-e-type=\"column\">\n\t\t\t<div class=\"elementor-widget-wrap elementor-element-populated\">\n\t\t\t\t\t\t<div class=\"elementor-element elementor-element-2f2ccf9f elementor-widget elementor-widget-cs_title\" data-id=\"2f2ccf9f\" data-element_type=\"widget\" data-e-type=\"widget\" data-widget_type=\"cs_title.default\">\n\t\t\t\t<div class=\"elementor-widget-container\">\n\t\t\t\t\t\n        <div class=\"cs-title-wrap text-center\">\t            <h1 class=\"cs-title\">\n\t                Blog\t            <\/h1>        <\/div>\t\t\t\t<\/div>\n\t\t\t\t<\/div>\n\t\t\t\t\t<\/div>\n\t\t<\/div>\n\t\t\t\t\t<\/div>\n\t\t<\/section>\n\t\t\t\t<section class=\"elementor-section elementor-top-section elementor-element elementor-element-94861f4 elementor-section-boxed elementor-section-height-default elementor-section-height-default\" data-id=\"94861f4\" data-element_type=\"section\" data-e-type=\"section\">\n\t\t\t\t\t\t<div class=\"elementor-container elementor-column-gap-no\">\n\t\t\t\t\t<div class=\"elementor-column elementor-col-100 elementor-top-column elementor-element elementor-element-a3e7b67\" data-id=\"a3e7b67\" data-element_type=\"column\" data-e-type=\"column\">\n\t\t\t<div class=\"elementor-widget-wrap elementor-element-populated\">\n\t\t\t\t\t\t<div class=\"elementor-element elementor-element-1ad965c elementor-widget elementor-widget-cs_blog\" data-id=\"1ad965c\" data-element_type=\"widget\" data-e-type=\"widget\" data-widget_type=\"cs_blog.default\">\n\t\t\t\t<div class=\"elementor-widget-container\">\n\t\t\t\t\t\t\t\t\t<div class=\"posts layout-overlay column-3 layout-grid img-ratio-2-3 btn-slide-up\" data-settings='{\"query\":{\"paged\":1,\"posts_per_page\":9,\"ignore_sticky_posts\":true,\"post_type\":\"post\",\"post_status\":\"publish\"},\"settings\":{\"layout\":\"overlay\",\"columns\":\"3\",\"post_meta\":[\"read_more_btn\",\"category\",\"date\"],\"page_layout\":\"\",\"pagination\":\"ajax-manual\",\"archive_page\":\"elementor\"}}'>\n\t\t\t\t\t\t\t\t\t<div class=\"posts-wrapper\">\n<article class=\"post-3266 post type-post status-publish format-standard hentry category-ricky-casino\">\n                <div class=\"overlay-label time-label featured-style\">\n                <div class=\"meta-item time\">\n                    <time class=\"published\" datetime=\"2026-05-14T12:00:56+00:00\">\n                        <span class=\"month\">May<\/span> <span class=\"day\">14<\/span>\n                    <\/time>\n                <\/div>\n            <\/div>\n    <div class=\"post-content\">\n        <header class=\"post-header\">            <div class=\"meta-wrap\">\t\t\t<div class=\"cat-links\"><a href=\"https:\/\/riaddaralassad.brainstorm-studio.com\/en\/category\/ricky-casino\/\" rel=\"tag\">ricky casino<\/a><\/div>            <\/div>    <h2 class=\"post-title\">\n        <a href=\"https:\/\/riaddaralassad.brainstorm-studio.com\/en\/which-online-casino-has-the-best-promotions-2\/\">Which Online Casino Has the Best Promotions?<\/a>\n    <\/h2>        <\/header>            <footer class=\"post-footer\">        <div class=\"more-btn\">\n            <a class=\"read-more-btn button cs-btn-underline\" href=\"https:\/\/riaddaralassad.brainstorm-studio.com\/en\/which-online-casino-has-the-best-promotions-2\/\"><span>Read More<\/span><\/a>\n        <\/div>            <\/footer>    <\/div>\n<\/article>\n\n<article class=\"post-3252 post type-post status-publish format-standard hentry category-crownplay-zebroid\">\n                <div class=\"overlay-label time-label featured-style\">\n                <div class=\"meta-item time\">\n                    <time class=\"published\" datetime=\"2026-05-12T19:25:13+00:00\">\n                        <span class=\"month\">May<\/span> <span class=\"day\">12<\/span>\n                    <\/time>\n                <\/div>\n            <\/div>\n    <div class=\"post-content\">\n        <header class=\"post-header\">            <div class=\"meta-wrap\">\t\t\t<div class=\"cat-links\"><a href=\"https:\/\/riaddaralassad.brainstorm-studio.com\/en\/category\/crownplay-zebroid\/\" rel=\"tag\">crownplay zebroid<\/a><\/div>            <\/div>    <h2 class=\"post-title\">\n        <a href=\"https:\/\/riaddaralassad.brainstorm-studio.com\/en\/what-online-casino-pays-out-real-money\/\">What Online Casino Pays Out Real Money<\/a>\n    <\/h2>        <\/header>            <footer class=\"post-footer\">        <div class=\"more-btn\">\n            <a class=\"read-more-btn button cs-btn-underline\" href=\"https:\/\/riaddaralassad.brainstorm-studio.com\/en\/what-online-casino-pays-out-real-money\/\"><span>Read More<\/span><\/a>\n        <\/div>            <\/footer>    <\/div>\n<\/article>\n\n<article class=\"post-3246 post type-post status-publish format-standard hentry category-snatch-casino\">\n                <div class=\"overlay-label time-label featured-style\">\n                <div class=\"meta-item time\">\n                    <time class=\"published\" datetime=\"2026-05-12T11:17:59+00:00\">\n                        <span class=\"month\">May<\/span> <span class=\"day\">12<\/span>\n                    <\/time>\n                <\/div>\n            <\/div>\n    <div class=\"post-content\">\n        <header class=\"post-header\">            <div class=\"meta-wrap\">\t\t\t<div class=\"cat-links\"><a href=\"https:\/\/riaddaralassad.brainstorm-studio.com\/en\/category\/snatch-casino\/\" rel=\"tag\">snatch casino<\/a><\/div>            <\/div>    <h2 class=\"post-title\">\n        <a href=\"https:\/\/riaddaralassad.brainstorm-studio.com\/en\/snatch-casino-im-deutschland-check-fur-sichere\/\">Snatch Casino im Deutschland Check f\u00fcr sichere Entscheidungen<\/a>\n    <\/h2>        <\/header>            <footer class=\"post-footer\">        <div class=\"more-btn\">\n            <a class=\"read-more-btn button cs-btn-underline\" href=\"https:\/\/riaddaralassad.brainstorm-studio.com\/en\/snatch-casino-im-deutschland-check-fur-sichere\/\"><span>Read More<\/span><\/a>\n        <\/div>            <\/footer>    <\/div>\n<\/article>\n\n<article class=\"post-3231 post type-post status-publish format-standard hentry category-blog\">\n                <div class=\"overlay-label time-label featured-style\">\n                <div class=\"meta-item time\">\n                    <time class=\"published\" datetime=\"2026-05-10T17:48:26+00:00\">\n                        <span class=\"month\">May<\/span> <span class=\"day\">10<\/span>\n                    <\/time>\n                <\/div>\n            <\/div>\n    <div class=\"post-content\">\n        <header class=\"post-header\">            <div class=\"meta-wrap\">\t\t\t<div class=\"cat-links\"><a href=\"https:\/\/riaddaralassad.brainstorm-studio.com\/en\/category\/blog\/\" rel=\"tag\">Blog<\/a><\/div>            <\/div>    <h2 class=\"post-title\">\n        <a href=\"https:\/\/riaddaralassad.brainstorm-studio.com\/en\/pin-ap-oficialnyy-sayt-kazino-verifikaciya-akkaunta-i-nachalo-igry-v-kazahstane\/\">\u041f\u0438\u043d \u0410\u043f \u043e\u0444\u0438\u0446\u0438\u0430\u043b\u044c\u043d\u044b\u0439 \u0441\u0430\u0439\u0442 \u043a\u0430\u0437\u0438\u043d\u043e: \u0432\u0435\u0440\u0438\u0444\u0438\u043a\u0430\u0446\u0438\u044f \u0430\u043a\u043a\u0430\u0443\u043d\u0442\u0430 \u0438 \u043d\u0430\u0447\u0430\u043b\u043e \u0438\u0433\u0440\u044b \u0432 \u041a\u0430\u0437\u0430\u0445\u0441\u0442\u0430\u043d\u0435<\/a>\n    <\/h2>        <\/header>            <footer class=\"post-footer\">        <div class=\"more-btn\">\n            <a class=\"read-more-btn button cs-btn-underline\" href=\"https:\/\/riaddaralassad.brainstorm-studio.com\/en\/pin-ap-oficialnyy-sayt-kazino-verifikaciya-akkaunta-i-nachalo-igry-v-kazahstane\/\"><span>Read More<\/span><\/a>\n        <\/div>            <\/footer>    <\/div>\n<\/article>\n\n<article class=\"post-3229 post type-post status-publish format-standard hentry category-blog\">\n                <div class=\"overlay-label time-label featured-style\">\n                <div class=\"meta-item time\">\n                    <time class=\"published\" datetime=\"2026-05-10T13:13:07+00:00\">\n                        <span class=\"month\">May<\/span> <span class=\"day\">10<\/span>\n                    <\/time>\n                <\/div>\n            <\/div>\n    <div class=\"post-content\">\n        <header class=\"post-header\">            <div class=\"meta-wrap\">\t\t\t<div class=\"cat-links\"><a href=\"https:\/\/riaddaralassad.brainstorm-studio.com\/en\/category\/blog\/\" rel=\"tag\">Blog<\/a><\/div>            <\/div>    <h2 class=\"post-title\">\n        <a href=\"https:\/\/riaddaralassad.brainstorm-studio.com\/en\/bet-online-malaysia-payment-methods-deposit-speed-fees-withdrawal-options\/\">Bet Online Malaysia Payment Methods \u2013 Deposit Speed, Fees &#038; Withdrawal Options<\/a>\n    <\/h2>        <\/header>            <footer class=\"post-footer\">        <div class=\"more-btn\">\n            <a class=\"read-more-btn button cs-btn-underline\" href=\"https:\/\/riaddaralassad.brainstorm-studio.com\/en\/bet-online-malaysia-payment-methods-deposit-speed-fees-withdrawal-options\/\"><span>Read More<\/span><\/a>\n        <\/div>            <\/footer>    <\/div>\n<\/article>\n\n<article class=\"post-3227 post type-post status-publish format-standard hentry category-blog\">\n                <div class=\"overlay-label time-label featured-style\">\n                <div class=\"meta-item time\">\n                    <time class=\"published\" datetime=\"2026-05-09T16:32:42+00:00\">\n                        <span class=\"month\">May<\/span> <span class=\"day\">09<\/span>\n                    <\/time>\n                <\/div>\n            <\/div>\n    <div class=\"post-content\">\n        <header class=\"post-header\">            <div class=\"meta-wrap\">\t\t\t<div class=\"cat-links\"><a href=\"https:\/\/riaddaralassad.brainstorm-studio.com\/en\/category\/blog\/\" rel=\"tag\">Blog<\/a><\/div>            <\/div>    <h2 class=\"post-title\">\n        <a href=\"https:\/\/riaddaralassad.brainstorm-studio.com\/en\/online-casino-play-n-go-app-og-mobilguide-til-danske-spillere\/\">Online Casino Play N Go \u2013 app\u2011 og mobilguide til danske spillere<\/a>\n    <\/h2>        <\/header>            <footer class=\"post-footer\">        <div class=\"more-btn\">\n            <a class=\"read-more-btn button cs-btn-underline\" href=\"https:\/\/riaddaralassad.brainstorm-studio.com\/en\/online-casino-play-n-go-app-og-mobilguide-til-danske-spillere\/\"><span>Read More<\/span><\/a>\n        <\/div>            <\/footer>    <\/div>\n<\/article>\n\n<article class=\"post-3225 post type-post status-publish format-standard hentry category-blog\">\n                <div class=\"overlay-label time-label featured-style\">\n                <div class=\"meta-item time\">\n                    <time class=\"published\" datetime=\"2026-05-09T08:55:38+00:00\">\n                        <span class=\"month\">May<\/span> <span class=\"day\">09<\/span>\n                    <\/time>\n                <\/div>\n            <\/div>\n    <div class=\"post-content\">\n        <header class=\"post-header\">            <div class=\"meta-wrap\">\t\t\t<div class=\"cat-links\"><a href=\"https:\/\/riaddaralassad.brainstorm-studio.com\/en\/category\/blog\/\" rel=\"tag\">Blog<\/a><\/div>            <\/div>    <h2 class=\"post-title\">\n        <a href=\"https:\/\/riaddaralassad.brainstorm-studio.com\/en\/guida-completa-per-giocare-casino-non-aams-bonus-pagamenti-sicurezza-e-mobile\/\">Guida completa per giocare casino non AAMS: bonus, pagamenti, sicurezza e mobile<\/a>\n    <\/h2>        <\/header>            <footer class=\"post-footer\">        <div class=\"more-btn\">\n            <a class=\"read-more-btn button cs-btn-underline\" href=\"https:\/\/riaddaralassad.brainstorm-studio.com\/en\/guida-completa-per-giocare-casino-non-aams-bonus-pagamenti-sicurezza-e-mobile\/\"><span>Read More<\/span><\/a>\n        <\/div>            <\/footer>    <\/div>\n<\/article>\n\n<article class=\"post-3216 post type-post status-publish format-standard hentry category-texts-zebroid\">\n                <div class=\"overlay-label time-label featured-style\">\n                <div class=\"meta-item time\">\n                    <time class=\"published\" datetime=\"2026-05-08T11:21:35+00:00\">\n                        <span class=\"month\">May<\/span> <span class=\"day\">08<\/span>\n                    <\/time>\n                <\/div>\n            <\/div>\n    <div class=\"post-content\">\n        <header class=\"post-header\">            <div class=\"meta-wrap\">\t\t\t<div class=\"cat-links\"><a href=\"https:\/\/riaddaralassad.brainstorm-studio.com\/en\/category\/texts-zebroid\/\" rel=\"tag\">texts zebroid<\/a><\/div>            <\/div>    <h2 class=\"post-title\">\n        <a href=\"https:\/\/riaddaralassad.brainstorm-studio.com\/en\/online-casino-s-finest-slot-game\/\">Online Casino&rsquo;s Finest Slot Game<\/a>\n    <\/h2>        <\/header>            <footer class=\"post-footer\">        <div class=\"more-btn\">\n            <a class=\"read-more-btn button cs-btn-underline\" href=\"https:\/\/riaddaralassad.brainstorm-studio.com\/en\/online-casino-s-finest-slot-game\/\"><span>Read More<\/span><\/a>\n        <\/div>            <\/footer>    <\/div>\n<\/article>\n\n<article class=\"post-3212 post type-post status-publish format-standard hentry category-uncategory\">\n                <div class=\"overlay-label time-label featured-style\">\n                <div class=\"meta-item time\">\n                    <time class=\"published\" datetime=\"2026-05-08T10:36:34+00:00\">\n                        <span class=\"month\">May<\/span> <span class=\"day\">08<\/span>\n                    <\/time>\n                <\/div>\n            <\/div>\n    <div class=\"post-content\">\n        <header class=\"post-header\">            <div class=\"meta-wrap\">\t\t\t<div class=\"cat-links\"><a href=\"https:\/\/riaddaralassad.brainstorm-studio.com\/en\/category\/uncategory\/\" rel=\"tag\">uncategory<\/a><\/div>            <\/div>    <h2 class=\"post-title\">\n        <a href=\"https:\/\/riaddaralassad.brainstorm-studio.com\/en\/avia-masters-jouer-gratuitement-bonus-exclusif-5\/\">Avia Masters  Jouer Gratuitement + Bonus Exclusif<\/a>\n    <\/h2>        <\/header>            <footer class=\"post-footer\">        <div class=\"more-btn\">\n            <a class=\"read-more-btn button cs-btn-underline\" href=\"https:\/\/riaddaralassad.brainstorm-studio.com\/en\/avia-masters-jouer-gratuitement-bonus-exclusif-5\/\"><span>Read More<\/span><\/a>\n        <\/div>            <\/footer>    <\/div>\n<\/article>\n\t\t\t\t<\/div>\t\t<nav class=\"navigation pagination\">\n\t\t\t<div class=\"pagination-container load-more\">\n\t\t\t\t<h2 class=\"screen-reader-text\">Posts Navigation<\/h2>\n\t\t\t\t<a href=\"#\" data-no-post-text=\"No More Posts\" class=\"load-more-btn ajax manual\">\n\t\t\t\t\t<span class=\"btn-text\">Load More Posts<\/span>\n\t\t\t\t\t<span class=\"loading-text\">Loading...<\/span>\n\t\t\t\t<\/a>\n\t\t\t<\/div>\n\t\t<\/nav>\t\t\t\t<\/div>\t\t\t\t<\/div>\n\t\t\t\t<\/div>\n\t\t\t\t\t<\/div>\n\t\t<\/div>\n\t\t\t\t\t<\/div>\n\t\t<\/section>\n\t\t\t\t<\/div>","protected":false},"excerpt":{"rendered":"<p>Blog Le dispositif mis en place par All Wins repose sur une \u00e9quipe attentive aux retours utilisateurs. Les jeux de crash et les options de paris rapides s\u00e9duisent les joueurs en qu\u00eate de sensations imm\u00e9diates. Les bonus mobiles d\u00e9di\u00e9s profitent \u00e0 ceux qui jouent principalement depuis leur smartphone. Les d\u00e9lais de traitement sont communiqu\u00e9s de &#8230;<\/p>","protected":false},"author":1,"featured_media":0,"parent":0,"menu_order":0,"comment_status":"closed","ping_status":"closed","template":"template-wide-content.php","meta":{"inline_featured_image":false,"cozystay_single_page_hide_site_header":"","cozystay_single_page_site_header_source":"","cozystay_single_page_custom_site_header":"0","cozystay_single_page_custom_sticky_site_header":"0","cozystay_single_page_hide_page_title":"on","cozystay_single_page_header_section_size":"","cozystay_single_page_header_background_color":"","cozystay_single_page_header_background_position_x":"center","cozystay_single_page_header_background_position_y":"center","cozystay_single_page_header_background_size":"cover","cozystay_single_page_header_background_repeat":"off","cozystay_single_page_header_background_scroll":"on","cozystay_single_page_header_text_color":"","cozystay_single_page_header_show_breadcrumb":"","cozystay_single_page_site_footer_hide_main":"","cozystay_single_custom_site_footer_main_source":"","cozystay_single_custom_site_footer_main":"0","cozystay_single_page_site_footer_hide_above":"","cozystay_single_custom_site_footer_above_source":"","cozystay_single_custom_site_footer_above":"0","cozystay_single_page_site_footer_hide_instagram":"","cozystay_single_page_site_footer_hide_bottom":"","cozystay_single_custom_mobile_menu_source":"","cozystay_single_custom_mobile_menu":"0","cozystay_single_custom_mobile_menu_animation":"","cozystay_single_custom_mobile_menu_width":"","cozystay_single_custom_mobile_menu_custom_width":375,"footnotes":""},"class_list":["post-398","page","type-page","status-publish","hentry"],"_links":{"self":[{"href":"https:\/\/riaddaralassad.brainstorm-studio.com\/en\/wp-json\/wp\/v2\/pages\/398","targetHints":{"allow":["GET"]}}],"collection":[{"href":"https:\/\/riaddaralassad.brainstorm-studio.com\/en\/wp-json\/wp\/v2\/pages"}],"about":[{"href":"https:\/\/riaddaralassad.brainstorm-studio.com\/en\/wp-json\/wp\/v2\/types\/page"}],"author":[{"embeddable":true,"href":"https:\/\/riaddaralassad.brainstorm-studio.com\/en\/wp-json\/wp\/v2\/users\/1"}],"replies":[{"embeddable":true,"href":"https:\/\/riaddaralassad.brainstorm-studio.com\/en\/wp-json\/wp\/v2\/comments?post=398"}],"version-history":[{"count":9,"href":"https:\/\/riaddaralassad.brainstorm-studio.com\/en\/wp-json\/wp\/v2\/pages\/398\/revisions"}],"predecessor-version":[{"id":3182,"href":"https:\/\/riaddaralassad.brainstorm-studio.com\/en\/wp-json\/wp\/v2\/pages\/398\/revisions\/3182"}],"wp:attachment":[{"href":"https:\/\/riaddaralassad.brainstorm-studio.com\/en\/wp-json\/wp\/v2\/media?parent=398"}],"curies":[{"name":"wp","href":"https:\/\/api.w.org\/{rel}","templated":true}]}}