{"id":2801,"date":"2025-08-06T18:17:18","date_gmt":"2025-08-06T18:17:18","guid":{"rendered":"https:\/\/riaddaralassad.brainstorm-studio.com\/?page_id=2801"},"modified":"2025-08-06T18:17:19","modified_gmt":"2025-08-06T18:17:19","slug":"general-terms-and-conditions-of-sale","status":"publish","type":"page","link":"https:\/\/riaddaralassad.brainstorm-studio.com\/en\/general-terms-and-conditions-of-sale\/","title":{"rendered":"General Conditions of Sale"},"content":{"rendered":"<p><strong>Article 1 \u2013 Reservation Contract<\/strong><\/p>\n\n\n\n<p>All reservations must be confirmed in writing (fax or email with signature) and accompanied by a deposit payment of 70 % with a minimum of one night per room reserved.<\/p>\n\n\n\n<p>The duration (as well as the number of people) must be respected and, in the event of a shortened stay, the price will remain due without possibility of refund.<\/p>\n\n\n\n<p>The balance of the price, as well as the services, must be paid on the agreed departure day.<\/p>\n\n\n\n<p>The communal dining table is only available with prior reservation.<\/p>\n\n\n\n<p>Animals may be admitted upon prior request and commitment to guarantee against any potential disturbance.<\/p>\n\n\n\n<p><strong>Article 2 \u2013 Cancellation<\/strong><\/p>\n\n\n\n<p>The customer must personally arrange for the purchase of an insurance policy guaranteeing cancellation, bearing in mind that these guarantees are generally included in the bank cardholder contract.<\/p>\n\n\n\n<p>The reservation is non-cancellable in sentence 2, therefore the deposit will be retained.<\/p>\n\n\n\n<p><strong>Article 3 \u2013 Departure and arrival times<\/strong><\/p>\n\n\n\n<p>For organizational reasons, rooms are available from 3 p.m. and must be vacated by 12 p.m.<\/p>\n\n\n\n<p>Naturally, these times can be adjusted upon request and subject to sufficient time to best prepare the rooms.<\/p>\n\n\n\n<p>The common areas can be used for any waiting before rooms are made available or after they are vacated, to allow guests to enjoy their stay.<\/p>","protected":false},"excerpt":{"rendered":"<p>Article 1er &#8211; Contrat de r\u00e9servation Toute r\u00e9servation devra \u00eatre confirm\u00e9e par \u00e9crit (fax ou mail portant signature) et accompagn\u00e9e d&rsquo;un versement d&rsquo;un acompte de 70 % avec un minimum d&rsquo;une nuit\u00e9e par chambre r\u00e9serv\u00e9e. La dur\u00e9e (tout comme le nombre de personnes) devra \u00eatre respect\u00e9e et, en cas de s\u00e9jour \u00e9court\u00e9, le prix restera &#8230;<\/p>","protected":false},"author":1,"featured_media":2147,"parent":0,"menu_order":0,"comment_status":"closed","ping_status":"open","template":"template-fullwidth.php","meta":{"inline_featured_image":false,"cozystay_single_page_hide_site_header":"","cozystay_single_page_site_header_source":"","cozystay_single_page_custom_site_header":"0","cozystay_single_page_custom_sticky_site_header":"0","cozystay_single_page_hide_page_title":"","cozystay_single_page_header_section_size":"","cozystay_single_page_header_background_color":"","cozystay_single_page_header_background_position_x":"center","cozystay_single_page_header_background_position_y":"center","cozystay_single_page_header_background_size":"cover","cozystay_single_page_header_background_repeat":"off","cozystay_single_page_header_background_scroll":"on","cozystay_single_page_header_text_color":"","cozystay_single_page_header_show_breadcrumb":"","cozystay_single_page_site_footer_hide_main":"","cozystay_single_custom_site_footer_main_source":"","cozystay_single_custom_site_footer_main":"0","cozystay_single_page_site_footer_hide_above":"","cozystay_single_custom_site_footer_above_source":"","cozystay_single_custom_site_footer_above":"0","cozystay_single_page_site_footer_hide_instagram":"","cozystay_single_page_site_footer_hide_bottom":"","cozystay_single_custom_mobile_menu_source":"","cozystay_single_custom_mobile_menu":"0","cozystay_single_custom_mobile_menu_animation":"","cozystay_single_custom_mobile_menu_width":"","cozystay_single_custom_mobile_menu_custom_width":375,"footnotes":""},"class_list":["post-2801","page","type-page","status-publish","has-post-thumbnail","hentry"],"_links":{"self":[{"href":"https:\/\/riaddaralassad.brainstorm-studio.com\/en\/wp-json\/wp\/v2\/pages\/2801","targetHints":{"allow":["GET"]}}],"collection":[{"href":"https:\/\/riaddaralassad.brainstorm-studio.com\/en\/wp-json\/wp\/v2\/pages"}],"about":[{"href":"https:\/\/riaddaralassad.brainstorm-studio.com\/en\/wp-json\/wp\/v2\/types\/page"}],"author":[{"embeddable":true,"href":"https:\/\/riaddaralassad.brainstorm-studio.com\/en\/wp-json\/wp\/v2\/users\/1"}],"replies":[{"embeddable":true,"href":"https:\/\/riaddaralassad.brainstorm-studio.com\/en\/wp-json\/wp\/v2\/comments?post=2801"}],"version-history":[{"count":1,"href":"https:\/\/riaddaralassad.brainstorm-studio.com\/en\/wp-json\/wp\/v2\/pages\/2801\/revisions"}],"predecessor-version":[{"id":2802,"href":"https:\/\/riaddaralassad.brainstorm-studio.com\/en\/wp-json\/wp\/v2\/pages\/2801\/revisions\/2802"}],"wp:featuredmedia":[{"embeddable":true,"href":"https:\/\/riaddaralassad.brainstorm-studio.com\/en\/wp-json\/wp\/v2\/media\/2147"}],"wp:attachment":[{"href":"https:\/\/riaddaralassad.brainstorm-studio.com\/en\/wp-json\/wp\/v2\/media?parent=2801"}],"curies":[{"name":"wp","href":"https:\/\/api.w.org\/{rel}","templated":true}]}}