{"id":2373,"date":"2025-07-28T18:36:28","date_gmt":"2025-07-28T18:36:28","guid":{"rendered":"https:\/\/riaddaralassad.brainstorm-studio.com\/?page_id=2373"},"modified":"2026-05-07T14:35:02","modified_gmt":"2026-05-07T14:35:02","slug":"the-valley-of-lourik","status":"publish","type":"page","link":"https:\/\/riaddaralassad.brainstorm-studio.com\/en\/the-valley-of-lourik\/","title":{"rendered":"La vall\u00e9e de l&rsquo;Ourika"},"content":{"rendered":"<div data-elementor-type=\"wp-page\" data-elementor-id=\"2373\" class=\"elementor elementor-2373\">\n\t\t\t\t\t\t<section class=\"elementor-section elementor-top-section elementor-element elementor-element-c90a5bd elementor-section-height-min-height cs-section-content-fullwidth cs-parallax-on-scroll cs_scroll_y_120 elementor-section-boxed elementor-section-height-default elementor-section-items-middle\" data-id=\"c90a5bd\" data-element_type=\"section\" data-e-type=\"section\" data-settings=\"{&quot;background_background&quot;:&quot;classic&quot;}\" data-cs-parallax-y=\"120\" style=\"background-image: none;\" data-cs-background-image=\"https:\/\/riaddaralassad.brainstorm-studio.com\/wp-content\/uploads\/2025\/07\/22_6399d459cbc21s_0.jpg\" data-cs-background-image-alt-text=\"\">\n\t\t\t\t\t\t\t<div class=\"elementor-background-overlay\"><\/div>\n\t\t\t\t\t\t\t<div class=\"elementor-container elementor-column-gap-no\">\n\t\t\t\t\t<div class=\"elementor-column elementor-col-100 elementor-top-column elementor-element elementor-element-7d889b7 dark-color\" data-id=\"7d889b7\" data-element_type=\"column\" data-e-type=\"column\">\n\t\t\t<div class=\"elementor-widget-wrap elementor-element-populated\">\n\t\t\t\t\t\t<div class=\"elementor-element elementor-element-57ca99f elementor-widget elementor-widget-cs_title\" data-id=\"57ca99f\" data-element_type=\"widget\" data-e-type=\"widget\" data-widget_type=\"cs_title.default\">\n\t\t\t\t<div class=\"elementor-widget-container\">\n\t\t\t\t\t\n        <div class=\"cs-title-wrap text-center\">\t            <h1 class=\"cs-title\">\n\t                The Ourika Valley\t            <\/h1>        <\/div>\t\t\t\t<\/div>\n\t\t\t\t<\/div>\n\t\t\t\t\t<\/div>\n\t\t<\/div>\n\t\t\t\t\t<\/div>\n\t\t<\/section>\n\t\t\t\t<section class=\"elementor-section elementor-top-section elementor-element elementor-element-bdd7054 elementor-section-boxed elementor-section-height-default elementor-section-height-default\" data-id=\"bdd7054\" data-element_type=\"section\" data-e-type=\"section\">\n\t\t\t\t\t\t<div class=\"elementor-container elementor-column-gap-no\">\n\t\t\t\t\t<div class=\"elementor-column elementor-col-100 elementor-top-column elementor-element elementor-element-f24e1a1\" data-id=\"f24e1a1\" data-element_type=\"column\" data-e-type=\"column\">\n\t\t\t<div class=\"elementor-widget-wrap elementor-element-populated\">\n\t\t\t\t\t\t<div class=\"elementor-element elementor-element-b6a4684 cs-animation-small-offset elementor-invisible elementor-widget elementor-widget-cs_gallery\" data-id=\"b6a4684\" data-element_type=\"widget\" data-e-type=\"widget\" data-settings=\"{&quot;_animation&quot;:&quot;fadeInUp&quot;,&quot;_animation_delay&quot;:200}\" data-widget_type=\"cs_gallery.default\">\n\t\t\t\t<div class=\"elementor-widget-container\">\n\t\t\t\t\t\n            <div class=\"cs-gallery gap-5 gallery-grid grid-col-3\">\n                <div class=\"cs-gallery-wrap\">                    <div class=\"cs-gallery-item\"><img fetchpriority=\"high\" decoding=\"async\" width=\"550\" height=\"550\" src=\"https:\/\/riaddaralassad.brainstorm-studio.com\/wp-content\/uploads\/2025\/07\/22_6399d459cbc21s_0-550x550.jpg\" class=\"attachment-cozystay_550x9999 size-cozystay_550x9999 wp-image-2378\" alt=\"\" srcset=\"https:\/\/riaddaralassad.brainstorm-studio.com\/wp-content\/uploads\/2025\/07\/22_6399d459cbc21s_0-550x550.jpg 550w, https:\/\/riaddaralassad.brainstorm-studio.com\/wp-content\/uploads\/2025\/07\/22_6399d459cbc21s_0-300x300.jpg 300w, https:\/\/riaddaralassad.brainstorm-studio.com\/wp-content\/uploads\/2025\/07\/22_6399d459cbc21s_0-1024x1024.jpg 1024w, https:\/\/riaddaralassad.brainstorm-studio.com\/wp-content\/uploads\/2025\/07\/22_6399d459cbc21s_0-150x150.jpg 150w, https:\/\/riaddaralassad.brainstorm-studio.com\/wp-content\/uploads\/2025\/07\/22_6399d459cbc21s_0-768x768.jpg 768w, https:\/\/riaddaralassad.brainstorm-studio.com\/wp-content\/uploads\/2025\/07\/22_6399d459cbc21s_0-780x780.jpg 780w, https:\/\/riaddaralassad.brainstorm-studio.com\/wp-content\/uploads\/2025\/07\/22_6399d459cbc21s_0-600x600.jpg 600w, https:\/\/riaddaralassad.brainstorm-studio.com\/wp-content\/uploads\/2025\/07\/22_6399d459cbc21s_0-370x370.jpg 370w, https:\/\/riaddaralassad.brainstorm-studio.com\/wp-content\/uploads\/2025\/07\/22_6399d459cbc21s_0-255x255.jpg 255w, https:\/\/riaddaralassad.brainstorm-studio.com\/wp-content\/uploads\/2025\/07\/22_6399d459cbc21s_0.jpg 1196w\" sizes=\"(max-width: 550px) 100vw, 550px\" \/>                    <\/div>                    <div class=\"cs-gallery-item\"><img decoding=\"async\" width=\"500\" height=\"500\" src=\"https:\/\/riaddaralassad.brainstorm-studio.com\/wp-content\/uploads\/2025\/07\/enjoy-your-time-in-the.png\" class=\"attachment-cozystay_550x9999 size-cozystay_550x9999 wp-image-2379\" alt=\"\" srcset=\"https:\/\/riaddaralassad.brainstorm-studio.com\/wp-content\/uploads\/2025\/07\/enjoy-your-time-in-the.png 500w, https:\/\/riaddaralassad.brainstorm-studio.com\/wp-content\/uploads\/2025\/07\/enjoy-your-time-in-the-300x300.png 300w, https:\/\/riaddaralassad.brainstorm-studio.com\/wp-content\/uploads\/2025\/07\/enjoy-your-time-in-the-150x150.png 150w, https:\/\/riaddaralassad.brainstorm-studio.com\/wp-content\/uploads\/2025\/07\/enjoy-your-time-in-the-370x370.png 370w, https:\/\/riaddaralassad.brainstorm-studio.com\/wp-content\/uploads\/2025\/07\/enjoy-your-time-in-the-255x255.png 255w\" sizes=\"(max-width: 500px) 100vw, 500px\" \/>                    <\/div>                    <div class=\"cs-gallery-item\"><img decoding=\"async\" width=\"550\" height=\"550\" src=\"https:\/\/riaddaralassad.brainstorm-studio.com\/wp-content\/uploads\/2025\/07\/ourika-lunch-550x550.jpg\" class=\"attachment-cozystay_550x9999 size-cozystay_550x9999 wp-image-2380\" alt=\"\" srcset=\"https:\/\/riaddaralassad.brainstorm-studio.com\/wp-content\/uploads\/2025\/07\/ourika-lunch-550x550.jpg 550w, https:\/\/riaddaralassad.brainstorm-studio.com\/wp-content\/uploads\/2025\/07\/ourika-lunch-300x300.jpg 300w, https:\/\/riaddaralassad.brainstorm-studio.com\/wp-content\/uploads\/2025\/07\/ourika-lunch-150x150.jpg 150w, https:\/\/riaddaralassad.brainstorm-studio.com\/wp-content\/uploads\/2025\/07\/ourika-lunch-600x600.jpg 600w, https:\/\/riaddaralassad.brainstorm-studio.com\/wp-content\/uploads\/2025\/07\/ourika-lunch-370x370.jpg 370w, https:\/\/riaddaralassad.brainstorm-studio.com\/wp-content\/uploads\/2025\/07\/ourika-lunch-255x255.jpg 255w, https:\/\/riaddaralassad.brainstorm-studio.com\/wp-content\/uploads\/2025\/07\/ourika-lunch.jpg 768w\" sizes=\"(max-width: 550px) 100vw, 550px\" \/>                    <\/div>                <\/div>\n            <\/div>\t\t\t\t<\/div>\n\t\t\t\t<\/div>\n\t\t\t\t\t<\/div>\n\t\t<\/div>\n\t\t\t\t\t<\/div>\n\t\t<\/section>\n\t\t\t\t<section class=\"elementor-section elementor-top-section elementor-element elementor-element-68275b8 elementor-section-boxed elementor-section-height-default elementor-section-height-default\" data-id=\"68275b8\" data-element_type=\"section\" data-e-type=\"section\">\n\t\t\t\t\t\t<div class=\"elementor-container elementor-column-gap-no\">\n\t\t\t\t\t<div class=\"elementor-column elementor-col-66 elementor-top-column elementor-element elementor-element-a4414f5\" data-id=\"a4414f5\" data-element_type=\"column\" data-e-type=\"column\">\n\t\t\t<div class=\"elementor-widget-wrap elementor-element-populated\">\n\t\t\t\t\t\t<div class=\"elementor-element elementor-element-154f24d elementor-widget elementor-widget-cs_title\" data-id=\"154f24d\" data-element_type=\"widget\" data-e-type=\"widget\" data-widget_type=\"cs_title.default\">\n\t\t\t\t<div class=\"elementor-widget-container\">\n\t\t\t\t\t\n        <div class=\"cs-title-wrap\">\t            <div class=\"cs-title-text\">\n\t                <p>A day trip to the Ourika Valley from Marrakech offers the opportunity to visit Berber villages and waterfalls. This full-day excursion from Marrakech includes a hike from the village of Setti Fatma to the waterfalls, as well as a visit to an argan oil production cooperative. Enjoy a scenic drive and also visit a local Berber market in Tnin Ourika (on select days).<\/p><p>Then enjoy the breathtaking views of the verdant valleys while having lunch by the river. Return to Marrakech in the late afternoon.<\/p>\t            <\/div>        <\/div>\t\t\t\t<\/div>\n\t\t\t\t<\/div>\n\t\t\t\t\t<\/div>\n\t\t<\/div>\n\t\t\t\t<div class=\"elementor-column elementor-col-33 elementor-top-column elementor-element elementor-element-88eefae\" data-id=\"88eefae\" data-element_type=\"column\" data-e-type=\"column\" data-settings=\"{&quot;background_background&quot;:&quot;classic&quot;}\">\n\t\t\t<div class=\"elementor-widget-wrap elementor-element-populated\">\n\t\t\t\t\t\t<div class=\"elementor-element elementor-element-8941b37 elementor-widget elementor-widget-cs_title\" data-id=\"8941b37\" data-element_type=\"widget\" data-e-type=\"widget\" data-widget_type=\"cs_title.default\">\n\t\t\t\t<div class=\"elementor-widget-container\">\n\t\t\t\t\t\n        <div class=\"cs-title-wrap\">\t            <h6 class=\"cs-title\">\n\t                Included\t            <\/h6>        <\/div>\t\t\t\t<\/div>\n\t\t\t\t<\/div>\n\t\t\t\t<div class=\"elementor-element elementor-element-1010b33 elementor-widget elementor-widget-cs_list\" data-id=\"1010b33\" data-element_type=\"widget\" data-e-type=\"widget\" data-widget_type=\"cs_list.default\">\n\t\t\t\t<div class=\"elementor-widget-container\">\n\t\t\t\t\t\n            <ul class=\"cs-list cs-list-type-unordered\">                <li>                        <span class=\"list-icon color-primary\">\n                            <svg aria-hidden=\"true\" class=\"e-font-icon-svg e-fas-circle\" viewbox=\"0 0 512 512\" xmlns=\"http:\/\/www.w3.org\/2000\/svg\"><path d=\"M256 8C119 8 8 119 8 256s111 248 248 248 248-111 248-248S393 8 256 8z\"><\/path><\/svg>                        <\/span>                    <span class=\"list-content\">Riad Pick-up and Drop-Off<\/span>                <\/li>                <li>                        <span class=\"list-icon color-primary\">\n                            <svg aria-hidden=\"true\" class=\"e-font-icon-svg e-fas-circle\" viewbox=\"0 0 512 512\" xmlns=\"http:\/\/www.w3.org\/2000\/svg\"><path d=\"M256 8C119 8 8 119 8 256s111 248 248 248 248-111 248-248S393 8 256 8z\"><\/path><\/svg>                        <\/span>                    <span class=\"list-content\">Private \/ comfortable and air-conditioned transport with driver - French or English speaking guide.<\/span>                <\/li>            <\/ul>\t\t\t\t<\/div>\n\t\t\t\t<\/div>\n\t\t\t\t<div class=\"elementor-element elementor-element-277ab84 elementor-widget elementor-widget-cs_title\" data-id=\"277ab84\" data-element_type=\"widget\" data-e-type=\"widget\" data-widget_type=\"cs_title.default\">\n\t\t\t\t<div class=\"elementor-widget-container\">\n\t\t\t\t\t\n        <div class=\"cs-title-wrap\">\t            <h6 class=\"cs-title\">\n\t                Not Included\t            <\/h6>        <\/div>\t\t\t\t<\/div>\n\t\t\t\t<\/div>\n\t\t\t\t<div class=\"elementor-element elementor-element-e1b5f03 elementor-widget elementor-widget-cs_list\" data-id=\"e1b5f03\" data-element_type=\"widget\" data-e-type=\"widget\" data-widget_type=\"cs_list.default\">\n\t\t\t\t<div class=\"elementor-widget-container\">\n\t\t\t\t\t\n            <ul class=\"cs-list cs-list-type-unordered\">                <li>                        <span class=\"list-icon color-primary\">\n                            <svg aria-hidden=\"true\" class=\"e-font-icon-svg e-fas-circle\" viewbox=\"0 0 512 512\" xmlns=\"http:\/\/www.w3.org\/2000\/svg\"><path d=\"M256 8C119 8 8 119 8 256s111 248 248 248 248-111 248-248S393 8 256 8z\"><\/path><\/svg>                        <\/span>                    <span class=\"list-content\">Lunch<\/span>                <\/li>                <li>                        <span class=\"list-icon color-primary\">\n                            <svg aria-hidden=\"true\" class=\"e-font-icon-svg e-fas-circle\" viewbox=\"0 0 512 512\" xmlns=\"http:\/\/www.w3.org\/2000\/svg\"><path d=\"M256 8C119 8 8 119 8 256s111 248 248 248 248-111 248-248S393 8 256 8z\"><\/path><\/svg>                        <\/span>                    <span class=\"list-content\">Local guide (waterfall)<\/span>                <\/li>            <\/ul>\t\t\t\t<\/div>\n\t\t\t\t<\/div>\n\t\t\t\t\t<\/div>\n\t\t<\/div>\n\t\t\t\t\t<\/div>\n\t\t<\/section>\n\t\t\t\t<\/div>","protected":false},"excerpt":{"rendered":"<p>La vall\u00e9e de l&rsquo;Ourika L&rsquo;\u00e9xcursion d&rsquo;une journ\u00e9e dans la vall\u00e9e de l&rsquo;Ourika au d\u00e9part de Marrakech offre l&rsquo;opportunit\u00e9 de visiter les villages berb\u00e8re et les cascades de la vall\u00e9e de l&rsquo;Ourika lors d&rsquo;une excursion d&rsquo;une journ\u00e9e compl\u00e8te au d\u00e9part de Marrakech comprenant : une randonn\u00e9e dans le village de Setti Fatma jusqu&rsquo;aux cascades, ainsi qu&rsquo;une &#8230;<\/p>","protected":false},"author":1,"featured_media":0,"parent":0,"menu_order":0,"comment_status":"closed","ping_status":"closed","template":"template-wide-content.php","meta":{"inline_featured_image":false,"cozystay_single_page_hide_site_header":"","cozystay_single_page_site_header_source":"","cozystay_single_page_custom_site_header":"0","cozystay_single_page_custom_sticky_site_header":"0","cozystay_single_page_hide_page_title":"on","cozystay_single_page_header_section_size":"","cozystay_single_page_header_background_color":"","cozystay_single_page_header_background_position_x":"center","cozystay_single_page_header_background_position_y":"center","cozystay_single_page_header_background_size":"cover","cozystay_single_page_header_background_repeat":"off","cozystay_single_page_header_background_scroll":"on","cozystay_single_page_header_text_color":"","cozystay_single_page_header_show_breadcrumb":"","cozystay_single_page_site_footer_hide_main":"","cozystay_single_custom_site_footer_main_source":"","cozystay_single_custom_site_footer_main":"0","cozystay_single_page_site_footer_hide_above":"","cozystay_single_custom_site_footer_above_source":"","cozystay_single_custom_site_footer_above":"0","cozystay_single_page_site_footer_hide_instagram":"","cozystay_single_page_site_footer_hide_bottom":"","cozystay_single_custom_mobile_menu_source":"","cozystay_single_custom_mobile_menu":"0","cozystay_single_custom_mobile_menu_animation":"","cozystay_single_custom_mobile_menu_width":"","cozystay_single_custom_mobile_menu_custom_width":375,"footnotes":""},"class_list":["post-2373","page","type-page","status-publish","hentry"],"_links":{"self":[{"href":"https:\/\/riaddaralassad.brainstorm-studio.com\/en\/wp-json\/wp\/v2\/pages\/2373","targetHints":{"allow":["GET"]}}],"collection":[{"href":"https:\/\/riaddaralassad.brainstorm-studio.com\/en\/wp-json\/wp\/v2\/pages"}],"about":[{"href":"https:\/\/riaddaralassad.brainstorm-studio.com\/en\/wp-json\/wp\/v2\/types\/page"}],"author":[{"embeddable":true,"href":"https:\/\/riaddaralassad.brainstorm-studio.com\/en\/wp-json\/wp\/v2\/users\/1"}],"replies":[{"embeddable":true,"href":"https:\/\/riaddaralassad.brainstorm-studio.com\/en\/wp-json\/wp\/v2\/comments?post=2373"}],"version-history":[{"count":13,"href":"https:\/\/riaddaralassad.brainstorm-studio.com\/en\/wp-json\/wp\/v2\/pages\/2373\/revisions"}],"predecessor-version":[{"id":3187,"href":"https:\/\/riaddaralassad.brainstorm-studio.com\/en\/wp-json\/wp\/v2\/pages\/2373\/revisions\/3187"}],"wp:attachment":[{"href":"https:\/\/riaddaralassad.brainstorm-studio.com\/en\/wp-json\/wp\/v2\/media?parent=2373"}],"curies":[{"name":"wp","href":"https:\/\/api.w.org\/{rel}","templated":true}]}}