{"id":230,"date":"2023-03-25T04:00:07","date_gmt":"2023-03-25T04:00:07","guid":{"rendered":"https:\/\/cozystay.loftocean.com\/mountain-chalet\/?page_id=230"},"modified":"2026-05-07T14:35:02","modified_gmt":"2026-05-07T14:35:02","slug":"creative-workshops-shop","status":"publish","type":"page","link":"https:\/\/riaddaralassad.brainstorm-studio.com\/en\/creative-workshops-shop\/","title":{"rendered":"The Shop &amp; Creative Workshops"},"content":{"rendered":"<div data-elementor-type=\"wp-page\" data-elementor-id=\"230\" class=\"elementor elementor-230\">\n\t\t\t\t\t\t<section class=\"elementor-section elementor-top-section elementor-element elementor-element-539f4230 elementor-section-height-min-height cs-section-content-fullwidth cs-parallax-on-scroll cs_scroll_y_80 elementor-section-boxed elementor-section-height-default elementor-section-items-middle\" data-id=\"539f4230\" data-element_type=\"section\" data-e-type=\"section\" data-settings=\"{&quot;background_background&quot;:&quot;classic&quot;}\" data-cs-parallax-y=\"80\" style=\"background-image: none;\" data-cs-background-image=\"https:\/\/riaddaralassad.brainstorm-studio.com\/wp-content\/uploads\/2025\/07\/RIAD-DAR-AL-ASSAD106.jpg\" data-cs-background-image-alt-text=\"\">\n\t\t\t\t\t\t\t<div class=\"elementor-background-overlay\"><\/div>\n\t\t\t\t\t\t\t<div class=\"elementor-container elementor-column-gap-no\">\n\t\t\t\t\t<div class=\"elementor-column elementor-col-100 elementor-top-column elementor-element elementor-element-40286ea8 dark-color\" data-id=\"40286ea8\" data-element_type=\"column\" data-e-type=\"column\">\n\t\t\t<div class=\"elementor-widget-wrap elementor-element-populated\">\n\t\t\t\t\t\t<div class=\"elementor-element elementor-element-12ab4dda elementor-widget elementor-widget-cs_title\" data-id=\"12ab4dda\" data-element_type=\"widget\" data-e-type=\"widget\" data-widget_type=\"cs_title.default\">\n\t\t\t\t<div class=\"elementor-widget-container\">\n\t\t\t\t\t\n        <div class=\"cs-title-wrap text-center\">\t            <h1 class=\"cs-title\">\n\t                The Shop &amp; Creative Workshops\t            <\/h1>        <\/div>\t\t\t\t<\/div>\n\t\t\t\t<\/div>\n\t\t\t\t\t<\/div>\n\t\t<\/div>\n\t\t\t\t\t<\/div>\n\t\t<\/section>\n\t\t\t\t<section class=\"elementor-section elementor-top-section elementor-element elementor-element-5d2558d1 elementor-section-boxed elementor-section-height-default elementor-section-height-default\" data-id=\"5d2558d1\" data-element_type=\"section\" data-e-type=\"section\">\n\t\t\t\t\t\t<div class=\"elementor-container elementor-column-gap-no\">\n\t\t\t\t\t<div class=\"elementor-column elementor-col-100 elementor-top-column elementor-element elementor-element-7fdcdc6e\" data-id=\"7fdcdc6e\" data-element_type=\"column\" data-e-type=\"column\">\n\t\t\t<div class=\"elementor-widget-wrap elementor-element-populated\">\n\t\t\t\t\t\t<div class=\"elementor-element elementor-element-7fc57c09 elementor-widget elementor-widget-cs_title\" data-id=\"7fc57c09\" data-element_type=\"widget\" data-e-type=\"widget\" data-widget_type=\"cs_title.default\">\n\t\t\t\t<div class=\"elementor-widget-container\">\n\t\t\t\t\t\n        <div class=\"cs-title-wrap text-center\">\t            <div class=\"cs-title-text\">\n\t                <p>Florence has been creating ceramics for many years and her creations are<br \/>inspired by both the South of France and Morocco.<\/p>\t            <\/div>        <\/div>\t\t\t\t<\/div>\n\t\t\t\t<\/div>\n\t\t\t\t\t<\/div>\n\t\t<\/div>\n\t\t\t\t\t<\/div>\n\t\t<\/section>\n\t\t\t\t<section class=\"elementor-section elementor-top-section elementor-element elementor-element-431c0df8 elementor-section-boxed elementor-section-height-default elementor-section-height-default\" data-id=\"431c0df8\" data-element_type=\"section\" data-e-type=\"section\">\n\t\t\t\t\t\t<div class=\"elementor-container elementor-column-gap-no\">\n\t\t\t\t\t<div class=\"elementor-column elementor-col-100 elementor-top-column elementor-element elementor-element-601f3e9b\" data-id=\"601f3e9b\" data-element_type=\"column\" data-e-type=\"column\">\n\t\t\t<div class=\"elementor-widget-wrap elementor-element-populated\">\n\t\t\t\t\t\t<div class=\"elementor-element elementor-element-618cd34d cs-animation-small-offset elementor-invisible elementor-widget elementor-widget-cs_fancy_card\" data-id=\"618cd34d\" data-element_type=\"widget\" data-e-type=\"widget\" data-settings=\"{&quot;_animation&quot;:&quot;fadeInUp&quot;,&quot;_animation_delay&quot;:200}\" data-widget_type=\"cs_fancy_card.default\">\n\t\t\t\t<div class=\"elementor-widget-container\">\n\t\t\t\t\t\n\t\t<div class=\"cs-fancy-card style-1 layout-row text-left cs-hover-img-zoom\">\n            <div class=\"cs-fc-wrap\">\t               \t<div class=\"cs-fc-img\">\n\t                    <img fetchpriority=\"high\" decoding=\"async\" width=\"780\" height=\"520\" src=\"https:\/\/riaddaralassad.brainstorm-studio.com\/wp-content\/uploads\/2025\/07\/RIAD-DAR-AL-ASSAD96-780x520.jpg\" class=\"attachment-cozystay_780x9999 size-cozystay_780x9999 wp-image-2179\" alt=\"\" srcset=\"https:\/\/riaddaralassad.brainstorm-studio.com\/wp-content\/uploads\/2025\/07\/RIAD-DAR-AL-ASSAD96-780x520.jpg 780w, https:\/\/riaddaralassad.brainstorm-studio.com\/wp-content\/uploads\/2025\/07\/RIAD-DAR-AL-ASSAD96-300x200.jpg 300w, https:\/\/riaddaralassad.brainstorm-studio.com\/wp-content\/uploads\/2025\/07\/RIAD-DAR-AL-ASSAD96-1024x683.jpg 1024w, https:\/\/riaddaralassad.brainstorm-studio.com\/wp-content\/uploads\/2025\/07\/RIAD-DAR-AL-ASSAD96-768x512.jpg 768w, https:\/\/riaddaralassad.brainstorm-studio.com\/wp-content\/uploads\/2025\/07\/RIAD-DAR-AL-ASSAD96-1536x1025.jpg 1536w, https:\/\/riaddaralassad.brainstorm-studio.com\/wp-content\/uploads\/2025\/07\/RIAD-DAR-AL-ASSAD96-1440x961.jpg 1440w, https:\/\/riaddaralassad.brainstorm-studio.com\/wp-content\/uploads\/2025\/07\/RIAD-DAR-AL-ASSAD96-1200x801.jpg 1200w, https:\/\/riaddaralassad.brainstorm-studio.com\/wp-content\/uploads\/2025\/07\/RIAD-DAR-AL-ASSAD96-600x400.jpg 600w, https:\/\/riaddaralassad.brainstorm-studio.com\/wp-content\/uploads\/2025\/07\/RIAD-DAR-AL-ASSAD96-550x367.jpg 550w, https:\/\/riaddaralassad.brainstorm-studio.com\/wp-content\/uploads\/2025\/07\/RIAD-DAR-AL-ASSAD96-370x247.jpg 370w, https:\/\/riaddaralassad.brainstorm-studio.com\/wp-content\/uploads\/2025\/07\/RIAD-DAR-AL-ASSAD96-255x170.jpg 255w, https:\/\/riaddaralassad.brainstorm-studio.com\/wp-content\/uploads\/2025\/07\/RIAD-DAR-AL-ASSAD96.jpg 1920w\" sizes=\"(max-width: 780px) 100vw, 780px\" \/>\t                <\/div>\n                <div class=\"cs-fc-content\">\t\t\t            <div class=\"cs-fc-text\">\n\t\t\t                <p>Our shop will allow you to find little decorative treasures, jewelry &amp; tableware.<\/p><p>Our home fragrances and oriental ranges of beauty products are also on sale and can be slipped into your suitcases to treat yourself or to give as a souvenir.<\/p>\t\t\t            <\/div>\t\t\t\t<\/div>\n            <\/div>\n        <\/div>\t\t\t\t<\/div>\n\t\t\t\t<\/div>\n\t\t\t\t<div class=\"elementor-element elementor-element-5178ae74 cs-animation-small-offset elementor-invisible elementor-widget elementor-widget-cs_fancy_card\" data-id=\"5178ae74\" data-element_type=\"widget\" data-e-type=\"widget\" data-settings=\"{&quot;_animation&quot;:&quot;fadeInUp&quot;,&quot;_animation_delay&quot;:200}\" data-widget_type=\"cs_fancy_card.default\">\n\t\t\t\t<div class=\"elementor-widget-container\">\n\t\t\t\t\t\n\t\t<div class=\"cs-fancy-card style-1 layout-row order-reverse text-left cs-hover-img-zoom\">\n            <div class=\"cs-fc-wrap\">\t               \t<div class=\"cs-fc-img\">\n\t                    <img decoding=\"async\" width=\"780\" height=\"585\" src=\"https:\/\/riaddaralassad.brainstorm-studio.com\/wp-content\/uploads\/2025\/08\/image0-9-atelier-bijoux-780x585.jpg\" class=\"attachment-cozystay_780x9999 size-cozystay_780x9999 wp-image-2841\" alt=\"\" srcset=\"https:\/\/riaddaralassad.brainstorm-studio.com\/wp-content\/uploads\/2025\/08\/image0-9-atelier-bijoux-780x585.jpg 780w, https:\/\/riaddaralassad.brainstorm-studio.com\/wp-content\/uploads\/2025\/08\/image0-9-atelier-bijoux-300x225.jpg 300w, https:\/\/riaddaralassad.brainstorm-studio.com\/wp-content\/uploads\/2025\/08\/image0-9-atelier-bijoux-1024x768.jpg 1024w, https:\/\/riaddaralassad.brainstorm-studio.com\/wp-content\/uploads\/2025\/08\/image0-9-atelier-bijoux-768x576.jpg 768w, https:\/\/riaddaralassad.brainstorm-studio.com\/wp-content\/uploads\/2025\/08\/image0-9-atelier-bijoux-1536x1152.jpg 1536w, https:\/\/riaddaralassad.brainstorm-studio.com\/wp-content\/uploads\/2025\/08\/image0-9-atelier-bijoux-1440x1080.jpg 1440w, https:\/\/riaddaralassad.brainstorm-studio.com\/wp-content\/uploads\/2025\/08\/image0-9-atelier-bijoux-1200x900.jpg 1200w, https:\/\/riaddaralassad.brainstorm-studio.com\/wp-content\/uploads\/2025\/08\/image0-9-atelier-bijoux-600x450.jpg 600w, https:\/\/riaddaralassad.brainstorm-studio.com\/wp-content\/uploads\/2025\/08\/image0-9-atelier-bijoux-550x413.jpg 550w, https:\/\/riaddaralassad.brainstorm-studio.com\/wp-content\/uploads\/2025\/08\/image0-9-atelier-bijoux-370x278.jpg 370w, https:\/\/riaddaralassad.brainstorm-studio.com\/wp-content\/uploads\/2025\/08\/image0-9-atelier-bijoux-255x191.jpg 255w, https:\/\/riaddaralassad.brainstorm-studio.com\/wp-content\/uploads\/2025\/08\/image0-9-atelier-bijoux.jpg 1920w\" sizes=\"(max-width: 780px) 100vw, 780px\" \/>\t                <\/div>\n                <div class=\"cs-fc-content\">\t\t\t            <div class=\"cs-fc-text\">\n\t\t\t                <p class=\"p1\">Our 2-hour creative workshops (65 <span class=\"s1\">\u20ac<\/span>\/person) will allow you to discover the crafts<\/p><p class=\"p1\">Moroccan and to introduce you to the arts of ceramics (by bringing back your piece), to<\/p><p class=\"p1\">Berber jewelry, zouak music and calligraphy, accompanied by delicious treats.<\/p>\t\t\t            <\/div>\t\t\t\t<\/div>\n            <\/div>\n        <\/div>\t\t\t\t<\/div>\n\t\t\t\t<\/div>\n\t\t\t\t<div class=\"elementor-element elementor-element-6eb45e16 cs-animation-small-offset elementor-invisible elementor-widget elementor-widget-cs_fancy_card\" data-id=\"6eb45e16\" data-element_type=\"widget\" data-e-type=\"widget\" data-settings=\"{&quot;_animation&quot;:&quot;fadeInUp&quot;,&quot;_animation_delay&quot;:200}\" data-widget_type=\"cs_fancy_card.default\">\n\t\t\t\t<div class=\"elementor-widget-container\">\n\t\t\t\t\t\n\t\t<div class=\"cs-fancy-card style-1 layout-row text-left cs-hover-img-zoom\">\n            <div class=\"cs-fc-wrap\">\t               \t<div class=\"cs-fc-img\">\n\t                    <img decoding=\"async\" width=\"780\" height=\"587\" src=\"https:\/\/riaddaralassad.brainstorm-studio.com\/wp-content\/uploads\/2025\/08\/WhatsApp-Image-2025-08-07-at-12.36.22-780x587.jpeg\" class=\"attachment-cozystay_780x9999 size-cozystay_780x9999 wp-image-2899\" alt=\"\" srcset=\"https:\/\/riaddaralassad.brainstorm-studio.com\/wp-content\/uploads\/2025\/08\/WhatsApp-Image-2025-08-07-at-12.36.22-780x587.jpeg 780w, https:\/\/riaddaralassad.brainstorm-studio.com\/wp-content\/uploads\/2025\/08\/WhatsApp-Image-2025-08-07-at-12.36.22-300x226.jpeg 300w, https:\/\/riaddaralassad.brainstorm-studio.com\/wp-content\/uploads\/2025\/08\/WhatsApp-Image-2025-08-07-at-12.36.22-1024x771.jpeg 1024w, https:\/\/riaddaralassad.brainstorm-studio.com\/wp-content\/uploads\/2025\/08\/WhatsApp-Image-2025-08-07-at-12.36.22-768x578.jpeg 768w, https:\/\/riaddaralassad.brainstorm-studio.com\/wp-content\/uploads\/2025\/08\/WhatsApp-Image-2025-08-07-at-12.36.22-1536x1156.jpeg 1536w, https:\/\/riaddaralassad.brainstorm-studio.com\/wp-content\/uploads\/2025\/08\/WhatsApp-Image-2025-08-07-at-12.36.22-1440x1084.jpeg 1440w, https:\/\/riaddaralassad.brainstorm-studio.com\/wp-content\/uploads\/2025\/08\/WhatsApp-Image-2025-08-07-at-12.36.22-1200x903.jpeg 1200w, https:\/\/riaddaralassad.brainstorm-studio.com\/wp-content\/uploads\/2025\/08\/WhatsApp-Image-2025-08-07-at-12.36.22-600x452.jpeg 600w, https:\/\/riaddaralassad.brainstorm-studio.com\/wp-content\/uploads\/2025\/08\/WhatsApp-Image-2025-08-07-at-12.36.22-550x414.jpeg 550w, https:\/\/riaddaralassad.brainstorm-studio.com\/wp-content\/uploads\/2025\/08\/WhatsApp-Image-2025-08-07-at-12.36.22-370x278.jpeg 370w, https:\/\/riaddaralassad.brainstorm-studio.com\/wp-content\/uploads\/2025\/08\/WhatsApp-Image-2025-08-07-at-12.36.22-255x192.jpeg 255w, https:\/\/riaddaralassad.brainstorm-studio.com\/wp-content\/uploads\/2025\/08\/WhatsApp-Image-2025-08-07-at-12.36.22.jpeg 1600w\" sizes=\"(max-width: 780px) 100vw, 780px\" \/>\t                <\/div>\n                <div class=\"cs-fc-content\">\t\t\t            <div class=\"cs-fc-text\">\n\t\t\t                <p class=\"p1\">Our cooking classes will introduce you to Moroccan cuisine in a private 2-3 hour workshop followed by dinner on the patio or on the riad&#039;s rooftops (48 <span class=\"s1\">\u20ac<\/span>(per person including the course, 3 courses and dinner excluding drinks).<\/p>\t\t\t            <\/div>\t\t\t\t<\/div>\n            <\/div>\n        <\/div>\t\t\t\t<\/div>\n\t\t\t\t<\/div>\n\t\t\t\t\t<\/div>\n\t\t<\/div>\n\t\t\t\t\t<\/div>\n\t\t<\/section>\n\t\t\t\t<section class=\"elementor-section elementor-top-section elementor-element elementor-element-c20ee5b elementor-section-full_width cs-animation-small-offset elementor-section-height-default elementor-section-height-default elementor-invisible\" data-id=\"c20ee5b\" data-element_type=\"section\" data-e-type=\"section\" data-settings=\"{&quot;background_background&quot;:&quot;classic&quot;,&quot;animation&quot;:&quot;fadeInUp&quot;,&quot;animation_delay&quot;:200}\">\n\t\t\t\t\t\t<div class=\"elementor-container elementor-column-gap-no\">\n\t\t\t\t\t<div class=\"elementor-column elementor-col-100 elementor-top-column elementor-element elementor-element-6976cb7\" data-id=\"6976cb7\" data-element_type=\"column\" data-e-type=\"column\">\n\t\t\t<div class=\"elementor-widget-wrap elementor-element-populated\">\n\t\t\t\t\t\t<div class=\"elementor-element elementor-element-236da71 elementor-widget elementor-widget-cs_gallery\" data-id=\"236da71\" data-element_type=\"widget\" data-e-type=\"widget\" data-widget_type=\"cs_gallery.default\">\n\t\t\t\t<div class=\"elementor-widget-container\">\n\t\t\t\t\t\n            <div class=\"cs-gallery gap-2 gallery-grid grid-col-3\">\n                <div class=\"cs-gallery-wrap\">                    <div class=\"cs-gallery-item\"><img loading=\"lazy\" decoding=\"async\" width=\"600\" height=\"600\" src=\"https:\/\/riaddaralassad.brainstorm-studio.com\/wp-content\/uploads\/2025\/08\/image2-1-atelier-ceramique-600x600.jpg\" class=\"attachment-cozystay_600x600-crop size-cozystay_600x600-crop wp-image-2840\" alt=\"\" srcset=\"https:\/\/riaddaralassad.brainstorm-studio.com\/wp-content\/uploads\/2025\/08\/image2-1-atelier-ceramique-600x600.jpg 600w, https:\/\/riaddaralassad.brainstorm-studio.com\/wp-content\/uploads\/2025\/08\/image2-1-atelier-ceramique-150x150.jpg 150w, https:\/\/riaddaralassad.brainstorm-studio.com\/wp-content\/uploads\/2025\/08\/image2-1-atelier-ceramique-300x300.jpg 300w\" sizes=\"(max-width: 600px) 100vw, 600px\" \/>                    <\/div>                    <div class=\"cs-gallery-item\"><img loading=\"lazy\" decoding=\"async\" width=\"600\" height=\"600\" src=\"https:\/\/riaddaralassad.brainstorm-studio.com\/wp-content\/uploads\/2025\/08\/image1-2-atelier-bijoux-600x600.jpg\" class=\"attachment-cozystay_600x600-crop size-cozystay_600x600-crop wp-image-2842\" alt=\"\" srcset=\"https:\/\/riaddaralassad.brainstorm-studio.com\/wp-content\/uploads\/2025\/08\/image1-2-atelier-bijoux-600x600.jpg 600w, https:\/\/riaddaralassad.brainstorm-studio.com\/wp-content\/uploads\/2025\/08\/image1-2-atelier-bijoux-150x150.jpg 150w, https:\/\/riaddaralassad.brainstorm-studio.com\/wp-content\/uploads\/2025\/08\/image1-2-atelier-bijoux-300x300.jpg 300w\" sizes=\"(max-width: 600px) 100vw, 600px\" \/>                    <\/div>                    <div class=\"cs-gallery-item\"><img loading=\"lazy\" decoding=\"async\" width=\"600\" height=\"600\" src=\"https:\/\/riaddaralassad.brainstorm-studio.com\/wp-content\/uploads\/2025\/08\/image3-1-atelier-ceramique-600x600.jpg\" class=\"attachment-cozystay_600x600-crop size-cozystay_600x600-crop wp-image-2843\" alt=\"\" srcset=\"https:\/\/riaddaralassad.brainstorm-studio.com\/wp-content\/uploads\/2025\/08\/image3-1-atelier-ceramique-600x600.jpg 600w, https:\/\/riaddaralassad.brainstorm-studio.com\/wp-content\/uploads\/2025\/08\/image3-1-atelier-ceramique-150x150.jpg 150w, https:\/\/riaddaralassad.brainstorm-studio.com\/wp-content\/uploads\/2025\/08\/image3-1-atelier-ceramique-300x300.jpg 300w\" sizes=\"(max-width: 600px) 100vw, 600px\" \/>                    <\/div>                    <div class=\"cs-gallery-item\"><img loading=\"lazy\" decoding=\"async\" width=\"600\" height=\"600\" src=\"https:\/\/riaddaralassad.brainstorm-studio.com\/wp-content\/uploads\/2025\/08\/WhatsApp-Image-2025-08-07-at-12.36.22-1-600x600.jpeg\" class=\"attachment-cozystay_600x600-crop size-cozystay_600x600-crop wp-image-2898\" alt=\"\" srcset=\"https:\/\/riaddaralassad.brainstorm-studio.com\/wp-content\/uploads\/2025\/08\/WhatsApp-Image-2025-08-07-at-12.36.22-1-600x600.jpeg 600w, https:\/\/riaddaralassad.brainstorm-studio.com\/wp-content\/uploads\/2025\/08\/WhatsApp-Image-2025-08-07-at-12.36.22-1-150x150.jpeg 150w, https:\/\/riaddaralassad.brainstorm-studio.com\/wp-content\/uploads\/2025\/08\/WhatsApp-Image-2025-08-07-at-12.36.22-1-300x300.jpeg 300w\" sizes=\"(max-width: 600px) 100vw, 600px\" \/>                    <\/div>                    <div class=\"cs-gallery-item\"><img loading=\"lazy\" decoding=\"async\" width=\"600\" height=\"600\" src=\"https:\/\/riaddaralassad.brainstorm-studio.com\/wp-content\/uploads\/2025\/08\/WhatsApp-Image-2025-08-07-at-12.36.23-600x600.jpeg\" class=\"attachment-cozystay_600x600-crop size-cozystay_600x600-crop wp-image-2897\" alt=\"\" srcset=\"https:\/\/riaddaralassad.brainstorm-studio.com\/wp-content\/uploads\/2025\/08\/WhatsApp-Image-2025-08-07-at-12.36.23-600x600.jpeg 600w, https:\/\/riaddaralassad.brainstorm-studio.com\/wp-content\/uploads\/2025\/08\/WhatsApp-Image-2025-08-07-at-12.36.23-150x150.jpeg 150w, https:\/\/riaddaralassad.brainstorm-studio.com\/wp-content\/uploads\/2025\/08\/WhatsApp-Image-2025-08-07-at-12.36.23-300x300.jpeg 300w\" sizes=\"(max-width: 600px) 100vw, 600px\" \/>                    <\/div>                    <div class=\"cs-gallery-item\"><img loading=\"lazy\" decoding=\"async\" width=\"600\" height=\"600\" src=\"https:\/\/riaddaralassad.brainstorm-studio.com\/wp-content\/uploads\/2025\/08\/WhatsApp-Image-2025-08-07-at-12.36.23-1-600x600.jpeg\" class=\"attachment-cozystay_600x600-crop size-cozystay_600x600-crop wp-image-2896\" alt=\"\" srcset=\"https:\/\/riaddaralassad.brainstorm-studio.com\/wp-content\/uploads\/2025\/08\/WhatsApp-Image-2025-08-07-at-12.36.23-1-600x600.jpeg 600w, https:\/\/riaddaralassad.brainstorm-studio.com\/wp-content\/uploads\/2025\/08\/WhatsApp-Image-2025-08-07-at-12.36.23-1-150x150.jpeg 150w, https:\/\/riaddaralassad.brainstorm-studio.com\/wp-content\/uploads\/2025\/08\/WhatsApp-Image-2025-08-07-at-12.36.23-1-300x300.jpeg 300w\" sizes=\"(max-width: 600px) 100vw, 600px\" \/>                    <\/div>                    <div class=\"cs-gallery-item\"><img loading=\"lazy\" decoding=\"async\" width=\"600\" height=\"600\" src=\"https:\/\/riaddaralassad.brainstorm-studio.com\/wp-content\/uploads\/2025\/08\/WhatsApp-Image-2025-08-07-at-12.36.24-600x600.jpeg\" class=\"attachment-cozystay_600x600-crop size-cozystay_600x600-crop wp-image-2895\" alt=\"\" srcset=\"https:\/\/riaddaralassad.brainstorm-studio.com\/wp-content\/uploads\/2025\/08\/WhatsApp-Image-2025-08-07-at-12.36.24-600x600.jpeg 600w, https:\/\/riaddaralassad.brainstorm-studio.com\/wp-content\/uploads\/2025\/08\/WhatsApp-Image-2025-08-07-at-12.36.24-150x150.jpeg 150w, https:\/\/riaddaralassad.brainstorm-studio.com\/wp-content\/uploads\/2025\/08\/WhatsApp-Image-2025-08-07-at-12.36.24-300x300.jpeg 300w\" sizes=\"(max-width: 600px) 100vw, 600px\" \/>                    <\/div>                <\/div>\n            <\/div>\t\t\t\t<\/div>\n\t\t\t\t<\/div>\n\t\t\t\t\t<\/div>\n\t\t<\/div>\n\t\t\t\t\t<\/div>\n\t\t<\/section>\n\t\t\t\t<\/div>","protected":false},"excerpt":{"rendered":"<p>La Boutique &amp; Les Ateliers Cr\u00e9atifs Florence cr\u00e9e de la c\u00e9ramique depuis de tr\u00e8s nombreuses ann\u00e9es et ses cr\u00e9ations sontinspir\u00e9es tant du Sud de la France que du Maroc. Notre shop vous permettra de trouver des petites merveilles de d\u00e9coration, des bijoux &amp; des objets de l\u2019art de la table. Nos senteurs de maison et &#8230;<\/p>","protected":false},"author":1,"featured_media":0,"parent":0,"menu_order":0,"comment_status":"closed","ping_status":"closed","template":"template-wide-content.php","meta":{"inline_featured_image":false,"cozystay_single_page_hide_site_header":"","cozystay_single_page_site_header_source":"","cozystay_single_page_custom_site_header":"0","cozystay_single_page_custom_sticky_site_header":"0","cozystay_single_page_hide_page_title":"on","cozystay_single_page_header_section_size":"","cozystay_single_page_header_background_color":"","cozystay_single_page_header_background_position_x":"center","cozystay_single_page_header_background_position_y":"center","cozystay_single_page_header_background_size":"cover","cozystay_single_page_header_background_repeat":"off","cozystay_single_page_header_background_scroll":"on","cozystay_single_page_header_text_color":"","cozystay_single_page_header_show_breadcrumb":"","cozystay_single_page_site_footer_hide_main":"","cozystay_single_custom_site_footer_main_source":"","cozystay_single_custom_site_footer_main":"0","cozystay_single_page_site_footer_hide_above":"","cozystay_single_custom_site_footer_above_source":"","cozystay_single_custom_site_footer_above":"0","cozystay_single_page_site_footer_hide_instagram":"","cozystay_single_page_site_footer_hide_bottom":"","cozystay_single_custom_mobile_menu_source":"","cozystay_single_custom_mobile_menu":"0","cozystay_single_custom_mobile_menu_animation":"","cozystay_single_custom_mobile_menu_width":"","cozystay_single_custom_mobile_menu_custom_width":375,"footnotes":""},"class_list":["post-230","page","type-page","status-publish","hentry"],"_links":{"self":[{"href":"https:\/\/riaddaralassad.brainstorm-studio.com\/en\/wp-json\/wp\/v2\/pages\/230","targetHints":{"allow":["GET"]}}],"collection":[{"href":"https:\/\/riaddaralassad.brainstorm-studio.com\/en\/wp-json\/wp\/v2\/pages"}],"about":[{"href":"https:\/\/riaddaralassad.brainstorm-studio.com\/en\/wp-json\/wp\/v2\/types\/page"}],"author":[{"embeddable":true,"href":"https:\/\/riaddaralassad.brainstorm-studio.com\/en\/wp-json\/wp\/v2\/users\/1"}],"replies":[{"embeddable":true,"href":"https:\/\/riaddaralassad.brainstorm-studio.com\/en\/wp-json\/wp\/v2\/comments?post=230"}],"version-history":[{"count":23,"href":"https:\/\/riaddaralassad.brainstorm-studio.com\/en\/wp-json\/wp\/v2\/pages\/230\/revisions"}],"predecessor-version":[{"id":3180,"href":"https:\/\/riaddaralassad.brainstorm-studio.com\/en\/wp-json\/wp\/v2\/pages\/230\/revisions\/3180"}],"wp:attachment":[{"href":"https:\/\/riaddaralassad.brainstorm-studio.com\/en\/wp-json\/wp\/v2\/media?parent=230"}],"curies":[{"name":"wp","href":"https:\/\/api.w.org\/{rel}","templated":true}]}}