{"id":2212,"date":"2025-07-28T16:15:35","date_gmt":"2025-07-28T16:15:35","guid":{"rendered":"https:\/\/riaddaralassad.brainstorm-studio.com\/?page_id=2212"},"modified":"2026-05-07T14:35:02","modified_gmt":"2026-05-07T14:35:02","slug":"agafay","status":"publish","type":"page","link":"https:\/\/riaddaralassad.brainstorm-studio.com\/en\/agafay\/","title":{"rendered":"Agafay"},"content":{"rendered":"<div data-elementor-type=\"wp-page\" data-elementor-id=\"2212\" class=\"elementor elementor-2212\">\n\t\t\t\t\t\t<section class=\"elementor-section elementor-top-section elementor-element elementor-element-c90a5bd elementor-section-height-min-height cs-section-content-fullwidth cs-parallax-on-scroll cs_scroll_y_120 elementor-section-boxed elementor-section-height-default elementor-section-items-middle\" data-id=\"c90a5bd\" data-element_type=\"section\" data-e-type=\"section\" data-settings=\"{&quot;background_background&quot;:&quot;classic&quot;}\" data-cs-parallax-y=\"120\" style=\"background-image: none;\" data-cs-background-image=\"https:\/\/riaddaralassad.brainstorm-studio.com\/wp-content\/uploads\/2025\/07\/11-1.jpg\" data-cs-background-image-alt-text=\"\">\n\t\t\t\t\t\t\t<div class=\"elementor-background-overlay\"><\/div>\n\t\t\t\t\t\t\t<div class=\"elementor-container elementor-column-gap-no\">\n\t\t\t\t\t<div class=\"elementor-column elementor-col-100 elementor-top-column elementor-element elementor-element-7d889b7 dark-color\" data-id=\"7d889b7\" data-element_type=\"column\" data-e-type=\"column\">\n\t\t\t<div class=\"elementor-widget-wrap elementor-element-populated\">\n\t\t\t\t\t\t<div class=\"elementor-element elementor-element-57ca99f elementor-widget elementor-widget-cs_title\" data-id=\"57ca99f\" data-element_type=\"widget\" data-e-type=\"widget\" data-widget_type=\"cs_title.default\">\n\t\t\t\t<div class=\"elementor-widget-container\">\n\t\t\t\t\t\n        <div class=\"cs-title-wrap text-center\">\t            <h1 class=\"cs-title\">\n\t                Agafay\t            <\/h1>        <\/div>\t\t\t\t<\/div>\n\t\t\t\t<\/div>\n\t\t\t\t\t<\/div>\n\t\t<\/div>\n\t\t\t\t\t<\/div>\n\t\t<\/section>\n\t\t\t\t<section class=\"elementor-section elementor-top-section elementor-element elementor-element-bdd7054 elementor-section-boxed elementor-section-height-default elementor-section-height-default\" data-id=\"bdd7054\" data-element_type=\"section\" data-e-type=\"section\">\n\t\t\t\t\t\t<div class=\"elementor-container elementor-column-gap-no\">\n\t\t\t\t\t<div class=\"elementor-column elementor-col-100 elementor-top-column elementor-element elementor-element-f24e1a1\" data-id=\"f24e1a1\" data-element_type=\"column\" data-e-type=\"column\">\n\t\t\t<div class=\"elementor-widget-wrap elementor-element-populated\">\n\t\t\t\t\t\t<div class=\"elementor-element elementor-element-b6a4684 cs-animation-small-offset elementor-invisible elementor-widget elementor-widget-cs_gallery\" data-id=\"b6a4684\" data-element_type=\"widget\" data-e-type=\"widget\" data-settings=\"{&quot;_animation&quot;:&quot;fadeInUp&quot;,&quot;_animation_delay&quot;:200}\" data-widget_type=\"cs_gallery.default\">\n\t\t\t\t<div class=\"elementor-widget-container\">\n\t\t\t\t\t\n            <div class=\"cs-gallery gap-5 gallery-grid grid-col-3\">\n                <div class=\"cs-gallery-wrap\">                    <div class=\"cs-gallery-item\"><img fetchpriority=\"high\" decoding=\"async\" width=\"550\" height=\"550\" src=\"https:\/\/riaddaralassad.brainstorm-studio.com\/wp-content\/uploads\/2025\/07\/12-550x550.jpg\" class=\"attachment-cozystay_550x9999 size-cozystay_550x9999 wp-image-2245\" alt=\"\" srcset=\"https:\/\/riaddaralassad.brainstorm-studio.com\/wp-content\/uploads\/2025\/07\/12-550x550.jpg 550w, https:\/\/riaddaralassad.brainstorm-studio.com\/wp-content\/uploads\/2025\/07\/12-300x300.jpg 300w, https:\/\/riaddaralassad.brainstorm-studio.com\/wp-content\/uploads\/2025\/07\/12-150x150.jpg 150w, https:\/\/riaddaralassad.brainstorm-studio.com\/wp-content\/uploads\/2025\/07\/12-600x600.jpg 600w, https:\/\/riaddaralassad.brainstorm-studio.com\/wp-content\/uploads\/2025\/07\/12-370x370.jpg 370w, https:\/\/riaddaralassad.brainstorm-studio.com\/wp-content\/uploads\/2025\/07\/12-255x255.jpg 255w, https:\/\/riaddaralassad.brainstorm-studio.com\/wp-content\/uploads\/2025\/07\/12.jpg 736w\" sizes=\"(max-width: 550px) 100vw, 550px\" \/>                    <\/div>                    <div class=\"cs-gallery-item\"><img decoding=\"async\" width=\"550\" height=\"550\" src=\"https:\/\/riaddaralassad.brainstorm-studio.com\/wp-content\/uploads\/2025\/07\/Desierto-de-Agafay-un-impresionante-desierto-de-piedras-paisaje-formado-por-majestuosas-dunas-blanquecinas-a-treinta-kilometros-de-Marruecos_-550x550.jpg\" class=\"attachment-cozystay_550x9999 size-cozystay_550x9999 wp-image-2246\" alt=\"\" srcset=\"https:\/\/riaddaralassad.brainstorm-studio.com\/wp-content\/uploads\/2025\/07\/Desierto-de-Agafay-un-impresionante-desierto-de-piedras-paisaje-formado-por-majestuosas-dunas-blanquecinas-a-treinta-kilometros-de-Marruecos_-550x550.jpg 550w, https:\/\/riaddaralassad.brainstorm-studio.com\/wp-content\/uploads\/2025\/07\/Desierto-de-Agafay-un-impresionante-desierto-de-piedras-paisaje-formado-por-majestuosas-dunas-blanquecinas-a-treinta-kilometros-de-Marruecos_-300x300.jpg 300w, https:\/\/riaddaralassad.brainstorm-studio.com\/wp-content\/uploads\/2025\/07\/Desierto-de-Agafay-un-impresionante-desierto-de-piedras-paisaje-formado-por-majestuosas-dunas-blanquecinas-a-treinta-kilometros-de-Marruecos_-150x150.jpg 150w, https:\/\/riaddaralassad.brainstorm-studio.com\/wp-content\/uploads\/2025\/07\/Desierto-de-Agafay-un-impresionante-desierto-de-piedras-paisaje-formado-por-majestuosas-dunas-blanquecinas-a-treinta-kilometros-de-Marruecos_-370x370.jpg 370w, https:\/\/riaddaralassad.brainstorm-studio.com\/wp-content\/uploads\/2025\/07\/Desierto-de-Agafay-un-impresionante-desierto-de-piedras-paisaje-formado-por-majestuosas-dunas-blanquecinas-a-treinta-kilometros-de-Marruecos_-255x255.jpg 255w, https:\/\/riaddaralassad.brainstorm-studio.com\/wp-content\/uploads\/2025\/07\/Desierto-de-Agafay-un-impresionante-desierto-de-piedras-paisaje-formado-por-majestuosas-dunas-blanquecinas-a-treinta-kilometros-de-Marruecos_.jpg 564w\" sizes=\"(max-width: 550px) 100vw, 550px\" \/>                    <\/div>                    <div class=\"cs-gallery-item\"><img decoding=\"async\" width=\"550\" height=\"550\" src=\"https:\/\/riaddaralassad.brainstorm-studio.com\/wp-content\/uploads\/2025\/07\/11-1-550x550.jpg\" class=\"attachment-cozystay_550x9999 size-cozystay_550x9999 wp-image-2244\" alt=\"\" srcset=\"https:\/\/riaddaralassad.brainstorm-studio.com\/wp-content\/uploads\/2025\/07\/11-1-550x550.jpg 550w, https:\/\/riaddaralassad.brainstorm-studio.com\/wp-content\/uploads\/2025\/07\/11-1-300x300.jpg 300w, https:\/\/riaddaralassad.brainstorm-studio.com\/wp-content\/uploads\/2025\/07\/11-1-150x150.jpg 150w, https:\/\/riaddaralassad.brainstorm-studio.com\/wp-content\/uploads\/2025\/07\/11-1-600x600.jpg 600w, https:\/\/riaddaralassad.brainstorm-studio.com\/wp-content\/uploads\/2025\/07\/11-1-370x370.jpg 370w, https:\/\/riaddaralassad.brainstorm-studio.com\/wp-content\/uploads\/2025\/07\/11-1-255x255.jpg 255w, https:\/\/riaddaralassad.brainstorm-studio.com\/wp-content\/uploads\/2025\/07\/11-1.jpg 736w\" sizes=\"(max-width: 550px) 100vw, 550px\" \/>                    <\/div>                <\/div>\n            <\/div>\t\t\t\t<\/div>\n\t\t\t\t<\/div>\n\t\t\t\t\t<\/div>\n\t\t<\/div>\n\t\t\t\t\t<\/div>\n\t\t<\/section>\n\t\t\t\t<section class=\"elementor-section elementor-top-section elementor-element elementor-element-68275b8 elementor-section-boxed elementor-section-height-default elementor-section-height-default\" data-id=\"68275b8\" data-element_type=\"section\" data-e-type=\"section\">\n\t\t\t\t\t\t<div class=\"elementor-container elementor-column-gap-no\">\n\t\t\t\t\t<div class=\"elementor-column elementor-col-100 elementor-top-column elementor-element elementor-element-a4414f5\" data-id=\"a4414f5\" data-element_type=\"column\" data-e-type=\"column\">\n\t\t\t<div class=\"elementor-widget-wrap elementor-element-populated\">\n\t\t\t\t\t\t<div class=\"elementor-element elementor-element-154f24d elementor-widget elementor-widget-cs_title\" data-id=\"154f24d\" data-element_type=\"widget\" data-e-type=\"widget\" data-widget_type=\"cs_title.default\">\n\t\t\t\t<div class=\"elementor-widget-container\">\n\t\t\t\t\t\n        <div class=\"cs-title-wrap\">\t            <h4 class=\"cs-title\">\n\t                CAMEL RIDE AND DINNER IN A BERBER TENT\t            <\/h4>\t            <div class=\"cs-title-text\">\n\t                <p><strong>Duration :<\/strong> Approximately 5 hours. Immerse yourself in the beauty of the Agafay Desert with an unforgettable camel ride and dinner. Explore the Agafay dunes, admire breathtaking views, and savor a delicious dinner under the stars. Here are the details of this excursion:<\/p><p>Key points:<\/p><p><strong>Camel ride:<\/strong> Embark on a camel trek (1 hour) and traverse the serene landscape of the Agafay Desert. Feel the gentle sway of the camel&#039;s gait as you cross the dunes, creating memories that will last a lifetime.<\/p><p><strong> Sunset \/ Dinner:<\/strong> Discover the stunning beauty during sunset and marvel at the changing colors of the sky and take superb photos, immerse yourself in the vibrant culture of the Amazigh (Berber) people by having a typical dinner (a carefully prepared traditional Moroccan meal) and savor the richness of Moroccan cuisine.<\/p>\t            <\/div>        <\/div>\t\t\t\t<\/div>\n\t\t\t\t<\/div>\n\t\t\t\t\t<\/div>\n\t\t<\/div>\n\t\t\t\t\t<\/div>\n\t\t<\/section>\n\t\t\t\t<\/div>","protected":false},"excerpt":{"rendered":"<p>Agafay BALADE \u00c0 DOS DE DROMADAIRE ET D\u00ceNER DANS UNE TENTE BERB\u00c8RE Dur\u00e9e : Environ 5 heures Plongez dans la beaut\u00e9 du d\u00e9sert d\u2019Agafay avec une balade inoubliable \u00e0 dos de dromadaire avec d\u00eener, Explorez les dunes d\u2019Agafay et admirez des vues \u00e0 couper le souffle et savourez un d\u00e9licieux d\u00eener sous le ciel \u00e9toil\u00e9. &#8230;<\/p>","protected":false},"author":1,"featured_media":0,"parent":0,"menu_order":0,"comment_status":"closed","ping_status":"closed","template":"template-wide-content.php","meta":{"inline_featured_image":false,"cozystay_single_page_hide_site_header":"","cozystay_single_page_site_header_source":"","cozystay_single_page_custom_site_header":"0","cozystay_single_page_custom_sticky_site_header":"0","cozystay_single_page_hide_page_title":"on","cozystay_single_page_header_section_size":"","cozystay_single_page_header_background_color":"","cozystay_single_page_header_background_position_x":"center","cozystay_single_page_header_background_position_y":"center","cozystay_single_page_header_background_size":"cover","cozystay_single_page_header_background_repeat":"off","cozystay_single_page_header_background_scroll":"on","cozystay_single_page_header_text_color":"","cozystay_single_page_header_show_breadcrumb":"","cozystay_single_page_site_footer_hide_main":"","cozystay_single_custom_site_footer_main_source":"","cozystay_single_custom_site_footer_main":"0","cozystay_single_page_site_footer_hide_above":"","cozystay_single_custom_site_footer_above_source":"","cozystay_single_custom_site_footer_above":"0","cozystay_single_page_site_footer_hide_instagram":"","cozystay_single_page_site_footer_hide_bottom":"","cozystay_single_custom_mobile_menu_source":"","cozystay_single_custom_mobile_menu":"0","cozystay_single_custom_mobile_menu_animation":"","cozystay_single_custom_mobile_menu_width":"","cozystay_single_custom_mobile_menu_custom_width":375,"footnotes":""},"class_list":["post-2212","page","type-page","status-publish","hentry"],"_links":{"self":[{"href":"https:\/\/riaddaralassad.brainstorm-studio.com\/en\/wp-json\/wp\/v2\/pages\/2212","targetHints":{"allow":["GET"]}}],"collection":[{"href":"https:\/\/riaddaralassad.brainstorm-studio.com\/en\/wp-json\/wp\/v2\/pages"}],"about":[{"href":"https:\/\/riaddaralassad.brainstorm-studio.com\/en\/wp-json\/wp\/v2\/types\/page"}],"author":[{"embeddable":true,"href":"https:\/\/riaddaralassad.brainstorm-studio.com\/en\/wp-json\/wp\/v2\/users\/1"}],"replies":[{"embeddable":true,"href":"https:\/\/riaddaralassad.brainstorm-studio.com\/en\/wp-json\/wp\/v2\/comments?post=2212"}],"version-history":[{"count":10,"href":"https:\/\/riaddaralassad.brainstorm-studio.com\/en\/wp-json\/wp\/v2\/pages\/2212\/revisions"}],"predecessor-version":[{"id":3184,"href":"https:\/\/riaddaralassad.brainstorm-studio.com\/en\/wp-json\/wp\/v2\/pages\/2212\/revisions\/3184"}],"wp:attachment":[{"href":"https:\/\/riaddaralassad.brainstorm-studio.com\/en\/wp-json\/wp\/v2\/media?parent=2212"}],"curies":[{"name":"wp","href":"https:\/\/api.w.org\/{rel}","templated":true}]}}