{"id":221,"date":"2023-03-25T03:59:05","date_gmt":"2023-03-25T03:59:05","guid":{"rendered":"https:\/\/cozystay.loftocean.com\/mountain-chalet\/?page_id=221"},"modified":"2026-05-07T14:35:02","modified_gmt":"2026-05-07T14:35:02","slug":"services-and-privatization","status":"publish","type":"page","link":"https:\/\/riaddaralassad.brainstorm-studio.com\/en\/services-and-privatization\/","title":{"rendered":"Services &amp; Privatization"},"content":{"rendered":"<div data-elementor-type=\"wp-page\" data-elementor-id=\"221\" class=\"elementor elementor-221\">\n\t\t\t\t\t\t<section class=\"elementor-section elementor-top-section elementor-element elementor-element-2527ec00 elementor-section-height-min-height cs-section-content-fullwidth cs-parallax-on-scroll cs_scroll_y_80 elementor-section-boxed elementor-section-height-default elementor-section-items-middle\" data-id=\"2527ec00\" data-element_type=\"section\" data-e-type=\"section\" data-settings=\"{&quot;background_background&quot;:&quot;classic&quot;}\" data-cs-parallax-y=\"80\" style=\"background-image: none;\" data-cs-background-image=\"https:\/\/riaddaralassad.brainstorm-studio.com\/wp-content\/uploads\/2025\/07\/RIAD-DAR-AL-ASSAD32.jpg\" data-cs-background-image-alt-text=\"\">\n\t\t\t\t\t\t\t<div class=\"elementor-background-overlay\"><\/div>\n\t\t\t\t\t\t\t<div class=\"elementor-container elementor-column-gap-no\">\n\t\t\t\t\t<div class=\"elementor-column elementor-col-100 elementor-top-column elementor-element elementor-element-59d34201 dark-color\" data-id=\"59d34201\" data-element_type=\"column\" data-e-type=\"column\">\n\t\t\t<div class=\"elementor-widget-wrap elementor-element-populated\">\n\t\t\t\t\t\t<div class=\"elementor-element elementor-element-ea4a3fc elementor-widget elementor-widget-cs_title\" data-id=\"ea4a3fc\" data-element_type=\"widget\" data-e-type=\"widget\" data-widget_type=\"cs_title.default\">\n\t\t\t\t<div class=\"elementor-widget-container\">\n\t\t\t\t\t\n        <div class=\"cs-title-wrap text-center\">\t            <h1 class=\"cs-title\">\n\t                The Services &amp; Privatization\t            <\/h1>        <\/div>\t\t\t\t<\/div>\n\t\t\t\t<\/div>\n\t\t\t\t\t<\/div>\n\t\t<\/div>\n\t\t\t\t\t<\/div>\n\t\t<\/section>\n\t\t\t\t<section class=\"elementor-section elementor-top-section elementor-element elementor-element-7b96771b cs-section-content-fullwidth elementor-section-boxed elementor-section-height-default elementor-section-height-default\" data-id=\"7b96771b\" data-element_type=\"section\" data-e-type=\"section\" data-settings=\"{&quot;background_background&quot;:&quot;classic&quot;}\">\n\t\t\t\t\t\t<div class=\"elementor-container elementor-column-gap-no\">\n\t\t\t\t\t<div class=\"elementor-column elementor-col-100 elementor-top-column elementor-element elementor-element-edc2f11\" data-id=\"edc2f11\" data-element_type=\"column\" data-e-type=\"column\">\n\t\t\t<div class=\"elementor-widget-wrap elementor-element-populated\">\n\t\t\t\t\t\t<div class=\"elementor-element elementor-element-4e8cd8a elementor-widget elementor-widget-cs_title\" data-id=\"4e8cd8a\" data-element_type=\"widget\" data-e-type=\"widget\" data-widget_type=\"cs_title.default\">\n\t\t\t\t<div class=\"elementor-widget-container\">\n\t\t\t\t\t\n        <div class=\"cs-title-wrap text-center\">\t            <h3 class=\"cs-title\">\n\t                Service and concierge\t            <\/h3>\t            <div class=\"cs-title-text\">\n\t                <p>Our team, who know Marrakech and all of Morocco perfectly, will be delighted to help you discover the best places (decoration, clothing, art, cuisine, crafts, etc.). We will be happy to share our favorites with you and make any reservations.\u00a0\u00a0<\/p>\t            <\/div>        <\/div>\t\t\t\t<\/div>\n\t\t\t\t<\/div>\n\t\t\t\t<div class=\"elementor-element elementor-element-4d0512ec elementor-widget elementor-widget-cs_title\" data-id=\"4d0512ec\" data-element_type=\"widget\" data-e-type=\"widget\" data-widget_type=\"cs_title.default\">\n\t\t\t\t<div class=\"elementor-widget-container\">\n\t\t\t\t\t\n        <div class=\"cs-title-wrap text-center\">\t            <h3 class=\"cs-title\">\n\t                The privatization of our riad\t            <\/h3>\t            <div class=\"cs-title-text\">\n\t                <p class=\"p1\">Our riad and its team can be privatized to enjoy our house in complete<\/p><p class=\"p1\">privacy and celebrate all your events (maximum capacity 16 people).<\/p><p class=\"p1\">Prices &amp; packages on request, via contact messaging.<\/p>\t            <\/div>        <\/div>\t\t\t\t<\/div>\n\t\t\t\t<\/div>\n\t\t\t\t\t<\/div>\n\t\t<\/div>\n\t\t\t\t\t<\/div>\n\t\t<\/section>\n\t\t\t\t<\/div>","protected":false},"excerpt":{"rendered":"<p>Les Services &amp; Privatisation Service et conciergerie Notre \u00e9quipe qui connait parfaitement Marrakech et tout le Maroc aura le plus grand plaisir \u00e0 vous faire d\u00e9couvrir les meilleures adresses (d\u00e9coration, v\u00eatements, art, cuisine, artisanat &#8230;). Nous serons heureux de vous partager nos coups de coeur et effectuer toutes r\u00e9servations.\u00a0\u00a0 La privatisation de notre riad Le &#8230;<\/p>","protected":false},"author":1,"featured_media":0,"parent":0,"menu_order":0,"comment_status":"closed","ping_status":"closed","template":"template-wide-content.php","meta":{"inline_featured_image":false,"cozystay_single_page_hide_site_header":"","cozystay_single_page_site_header_source":"","cozystay_single_page_custom_site_header":"0","cozystay_single_page_custom_sticky_site_header":"0","cozystay_single_page_hide_page_title":"on","cozystay_single_page_header_section_size":"","cozystay_single_page_header_background_color":"","cozystay_single_page_header_background_position_x":"center","cozystay_single_page_header_background_position_y":"center","cozystay_single_page_header_background_size":"cover","cozystay_single_page_header_background_repeat":"off","cozystay_single_page_header_background_scroll":"on","cozystay_single_page_header_text_color":"","cozystay_single_page_header_show_breadcrumb":"","cozystay_single_page_site_footer_hide_main":"","cozystay_single_custom_site_footer_main_source":"","cozystay_single_custom_site_footer_main":"0","cozystay_single_page_site_footer_hide_above":"","cozystay_single_custom_site_footer_above_source":"","cozystay_single_custom_site_footer_above":"0","cozystay_single_page_site_footer_hide_instagram":"","cozystay_single_page_site_footer_hide_bottom":"","cozystay_single_custom_mobile_menu_source":"","cozystay_single_custom_mobile_menu":"0","cozystay_single_custom_mobile_menu_animation":"","cozystay_single_custom_mobile_menu_width":"","cozystay_single_custom_mobile_menu_custom_width":375,"footnotes":""},"class_list":["post-221","page","type-page","status-publish","hentry"],"_links":{"self":[{"href":"https:\/\/riaddaralassad.brainstorm-studio.com\/en\/wp-json\/wp\/v2\/pages\/221","targetHints":{"allow":["GET"]}}],"collection":[{"href":"https:\/\/riaddaralassad.brainstorm-studio.com\/en\/wp-json\/wp\/v2\/pages"}],"about":[{"href":"https:\/\/riaddaralassad.brainstorm-studio.com\/en\/wp-json\/wp\/v2\/types\/page"}],"author":[{"embeddable":true,"href":"https:\/\/riaddaralassad.brainstorm-studio.com\/en\/wp-json\/wp\/v2\/users\/1"}],"replies":[{"embeddable":true,"href":"https:\/\/riaddaralassad.brainstorm-studio.com\/en\/wp-json\/wp\/v2\/comments?post=221"}],"version-history":[{"count":22,"href":"https:\/\/riaddaralassad.brainstorm-studio.com\/en\/wp-json\/wp\/v2\/pages\/221\/revisions"}],"predecessor-version":[{"id":3179,"href":"https:\/\/riaddaralassad.brainstorm-studio.com\/en\/wp-json\/wp\/v2\/pages\/221\/revisions\/3179"}],"wp:attachment":[{"href":"https:\/\/riaddaralassad.brainstorm-studio.com\/en\/wp-json\/wp\/v2\/media?parent=221"}],"curies":[{"name":"wp","href":"https:\/\/api.w.org\/{rel}","templated":true}]}}